{"id":751,"date":"2016-05-12T15:34:06","date_gmt":"2016-05-12T18:34:06","guid":{"rendered":"http:\/\/www.ttelecom.com.br\/wordpress\/?page_id=751"},"modified":"2016-05-12T15:34:06","modified_gmt":"2016-05-12T18:34:06","slug":"faqs","status":"publish","type":"page","link":"https:\/\/www.ttelecom.com.br\/tt\/?page_id=751","title":{"rendered":"FAQ&#8217;s"},"content":{"rendered":"<p>Perguntas e Respostas mais frequentes.<\/p>\n<p><span style=\"font-family: Courier New;\"><div class=\"bfaq-faq-tabs\"><ul class=\"bfaq-tabs\"><li class=\"bfaq-tab\"><a href=\"#\">Accel Booster<\/a><\/li><li class=\"bfaq-tab\"><a href=\"#\">Electronic Foot (Piloto Autom\u00e1tico)<\/a><\/li><\/ul><dl class=\"bfaq-faqs\"><dt class=\"bfaq-q\">Na verdade pra que serve este produto?<\/dt><dd class=\"bfaq-a\">Este produto esta destinado a ve\u00edculos com tecnologia drive by wire(acelerador sem cabo, eletr\u00f4nico) e serve para \r\nmelhorar o tempo de resposta na acelera\u00e7\u00e3o do ve\u00edculo.\r\nIsto tamb\u00e9m ir\u00e1 melhorar o arranque do veiculo deixando-o muito mais r\u00e1pido na arrancada.<\/dd><dt class=\"bfaq-q\">Esse aparelho aumenta a potencia do veiculo?<\/dt><dd class=\"bfaq-a\">Nao, esse dispositivo n\u00e3o aumenta a potencia do veiculo ele aumenta o torque.<\/dd><dt class=\"bfaq-q\">Tem como ligar e desligar, tipo usar quando eu quiser?<\/dt><dd class=\"bfaq-a\">Sim, o Accel Booster pode ser ligado e desligado pelo condutor como tamb\u00e9m o condutor pode mudar os\r\nest\u00e1gios durante todo o tempo de condu\u00e7\u00e3o no bot\u00e3o de mudan\u00e7a de est\u00e1gios.\r\nPrimeiro estagio  = desligado(uso normal veiculo original)\r\nsegundo estagio = esportivo.\r\nterceiro estagio   =  r\u00e1pido.\r\nquarto estagio    = super r\u00e1pido(mas pode ser definido pelo usu\u00e1rio na hora da instala\u00e7\u00e3o)\r\nObs.: Todos os estagios podem ser alterados pelo usu\u00e1rio\/instalador a qualquer momento via SW de configura\u00e7\u00e3o.<\/dd><dt class=\"bfaq-q\">Esse dispositivo pode danificar o motor ou a parte el\u00e9trica do meu carro?<\/dt><dd class=\"bfaq-a\">N\u00e3o de maneira nenhuma desde que seja efetuado por pessoa\/empresa que saiba como manipular sistemas eletricos veicular , pois, nenhuma altera\u00e7\u00e3o nos par\u00e2metros originais do veiculo sera necess\u00e1ria.\r\n <\/dd><dt class=\"bfaq-q\">Com rela\u00e7\u00e3o a instala\u00e7\u00e3o do produto no meu carro vai estragar alguma coisa?<\/dt><dd class=\"bfaq-a\">N\u00e3o de maneira nenhuma desde que seja feito por pessoas\/empresas qualificadas para o mesmo.<\/dd><dt class=\"bfaq-q\">O accel Booster faz economia de combust\u00edvel?<\/dt><dd class=\"bfaq-a\">Bem, o quesito economia aqui fica um tanto que descartado pois, prevalece o consumo normal que o fabricante determina para o ve\u00edculo sob\r\nas condi\u00e7\u00f5es de uso j\u00e1 definidas em fabrica.\r\nConsumo n\u00e3o sera alterado.<\/dd><dt class=\"bfaq-q\">O Accel Booster altera a originalidade do meu carro?<\/dt><dd class=\"bfaq-a\">Do ponto de vista das concessionarias e alguns leigos sim, porem, tecnicamente n\u00e3o.\r\n<\/dd><dt class=\"bfaq-q\">O Accel Booster serve em qualquer carro?<\/dt><dd class=\"bfaq-a\">Praticamente sim. Qualquer veiculo cujo sistema de acelera\u00e7\u00e3o seja drive by wire pode utilizar esse produto.\r\nPorem antes da compra a qual n\u00e3o seja efetuada em um centro autorizado o interessado devera investigar os requisitos\r\nb\u00e1sicos necess\u00e1rios para instala\u00e7\u00e3o do mesmo.\r\nCaso o interessado esteja em um local autorizado\/especializado ser\u00e1 feita uma verifica\u00e7\u00e3o de compatibilidade antes da instala\u00e7\u00e3o.<\/dd><dt class=\"bfaq-q\">O produto tem garantia?<\/dt><dd class=\"bfaq-a\">Sim claro. Tem garantia contra defeito de fabrica\u00e7\u00e3o por um per\u00edodo de um ano a partir da data de instala\u00e7\u00e3o.<\/dd><dt class=\"bfaq-q\">Caso ocorra algum defeito depois da instala\u00e7\u00e3o demora muito para consertar?<\/dt><dd class=\"bfaq-a\">N\u00e3o, n\u00e3o demora. Caso seja constatado defeito origin\u00e1rio de fabrica\u00e7\u00e3o o mesmo sera substitu\u00eddo por um novo sem necessidade de reparo. <\/dd><dt class=\"bfaq-q\">Eu como usu\u00e1rio tenho acesso ao SoftWare de configura\u00e7\u00e3o?<\/dt><dd class=\"bfaq-a\">Sim, totalmente. O SoftWare \u00e9 gratuito de pode ser baixado no site da TTelecom.<\/dd><\/dl><dl class=\"bfaq-faqs\"><dt class=\"bfaq-q\">Esse sistema pode ser utilizado em qualquer veiculo?<\/dt><dd class=\"bfaq-a\">Sim, desde que seja drive by wire e atenda aos requisitos b\u00e1sicos para instala\u00e7\u00e3o.\r\nO manual de instala\u00e7\u00e3o dever\u00e1 ser consultado.<\/dd><dt class=\"bfaq-q\">Por que o produto n\u00e3o vem com alavanca de controle?<\/dt><dd class=\"bfaq-a\">Custo beneficio, implicabilidade no que diz respeito a instala\u00e7\u00e3o mec\u00e2nica e disigner nos mais variados tipos\/modelos de ve\u00edculos.\r\nFato de que muitos ve\u00edculos terem seus pr\u00f3prios modelos podendo serem instalados ao modulo sem problemas.\r\nE por n\u00e3o ser a alavanca que determina a efici\u00eancia do dispositivo. <\/dd><dt class=\"bfaq-q\">Ao instalar o aparelho no meu carro eu perco a garantia da concessionaria caso o mesmo ainda esteja na garantia?<\/dt><dd class=\"bfaq-a\">Dependendo da politica de garantia de sua concessionaria pode sim, embora a instala\u00e7\u00e3o do produto em nada afete seu veiculo desde que seja feita por pessoa\/empresa qualificada.<\/dd><dt class=\"bfaq-q\">Qual a garantia do aparelho?<\/dt><dd class=\"bfaq-a\">O Electronic Foot esta coberto por um(1) ano de garantia a partir da data de instala\u00e7\u00e3o.<\/dd><dt class=\"bfaq-q\">A manuten\u00e7\u00e3o em caso de falha do dispositivo demora muito?<\/dt><dd class=\"bfaq-a\">N\u00e3o. N\u00e3o demora, pois, caso seja constatado defeito de fabrica\u00e7\u00e3o o produto sera substitu\u00eddo por outro sem necessidade de manuten\u00e7\u00e3o.<\/dd><dt class=\"bfaq-q\">Por que esse produto usa um software de configura\u00e7\u00e3o de p\u00f3s instala\u00e7\u00e3o?<\/dt><dd class=\"bfaq-a\">Certo. \u00c9 por que esse produto n\u00e3o \u00e9 plug&amp;play e deve ser adequado ao tipo\/modelo de veiculo a qual esteja sendo instalado.\r\nUm t\u00e9cnico\/pessoa qualificada dever\u00e1 adequar os par\u00e2metros ao veiculo em quest\u00e3o.<\/dd><dt class=\"bfaq-q\">Eu posso instalar meu pr\u00f3prio modulo?<\/dt><dd class=\"bfaq-a\">Sim, claro. Contudo voc\u00ea dever\u00e1 ter conhecimentos b\u00e1sicos de eletr\u00f4nica automotiva e se guiar pelo manual de instala\u00e7\u00e3o.\r\nObs.: Nesse caso nenhuma cobertura de garantia ser\u00e1 dada e sera de inteira responsabilidade do usu\u00e1rio. <\/dd><dt class=\"bfaq-q\">Qual a minima velocidade de travamento do modulo?<\/dt><dd class=\"bfaq-a\">Bem, esse \u00e9 um par\u00e2metro que dever\u00e1 ser definido no memento da configura\u00e7\u00e3o de p\u00f3s instala\u00e7\u00e3o e pode variar entre 20 e 90Km\/h.<\/dd><dt class=\"bfaq-q\">Eu posso utilizar os controles do volante de dire\u00e7\u00e3o caso eu utilize um volante com esse tipo de controle?<\/dt><dd class=\"bfaq-a\">Sim plenamente, basta fazer a devidas conex\u00f5es do controle ao modulo e voc\u00ea ter\u00e1 esses controles em sua m\u00e3o.<\/dd><dt class=\"bfaq-q\">Em quais passos eu posso aumentar\/diminuir a velocidade do veiculo caso eu possua uma alavanca de controle?<\/dt><dd class=\"bfaq-a\">A varia\u00e7\u00e3o da velocidade sera de +-1Km\/h para cada toque na chave.<\/dd><dt class=\"bfaq-q\">\u00c9 poss\u00edvel ligar e desligar o modulo caso eu esteja usando apenas um bot\u00e3o para acionamento?<\/dt><dd class=\"bfaq-a\">Sim, totalmente. Basta pressionar o bot\u00e3o set por 5 segundos at\u00e9 o led se apagar. Para ligar repita ate que o led volte a acender.<\/dd><\/dl><\/div><\/span><\/p>\n","protected":false},"excerpt":{"rendered":"<p>Perguntas e Respostas mais frequentes.<\/p>\n","protected":false},"author":1,"featured_media":0,"parent":0,"menu_order":0,"comment_status":"closed","ping_status":"closed","template":"","meta":{"_bbp_topic_count":0,"_bbp_reply_count":0,"_bbp_total_topic_count":0,"_bbp_total_reply_count":0,"_bbp_voice_count":0,"_bbp_anonymous_reply_count":0,"_bbp_topic_count_hidden":0,"_bbp_reply_count_hidden":0,"_bbp_forum_subforum_count":0},"_links":{"self":[{"href":"https:\/\/www.ttelecom.com.br\/tt\/index.php?rest_route=\/wp\/v2\/pages\/751"}],"collection":[{"href":"https:\/\/www.ttelecom.com.br\/tt\/index.php?rest_route=\/wp\/v2\/pages"}],"about":[{"href":"https:\/\/www.ttelecom.com.br\/tt\/index.php?rest_route=\/wp\/v2\/types\/page"}],"author":[{"embeddable":true,"href":"https:\/\/www.ttelecom.com.br\/tt\/index.php?rest_route=\/wp\/v2\/users\/1"}],"replies":[{"embeddable":true,"href":"https:\/\/www.ttelecom.com.br\/tt\/index.php?rest_route=%2Fwp%2Fv2%2Fcomments&post=751"}],"version-history":[{"count":1,"href":"https:\/\/www.ttelecom.com.br\/tt\/index.php?rest_route=\/wp\/v2\/pages\/751\/revisions"}],"predecessor-version":[{"id":752,"href":"https:\/\/www.ttelecom.com.br\/tt\/index.php?rest_route=\/wp\/v2\/pages\/751\/revisions\/752"}],"wp:attachment":[{"href":"https:\/\/www.ttelecom.com.br\/tt\/index.php?rest_route=%2Fwp%2Fv2%2Fmedia&parent=751"}],"curies":[{"name":"wp","href":"https:\/\/api.w.org\/{rel}","templated":true}]}}