{"id":690,"date":"2016-05-08T09:45:53","date_gmt":"2016-05-08T12:45:53","guid":{"rendered":"http:\/\/www.ttelecom.com.br\/wordpress\/?page_id=690"},"modified":"2022-09-10T16:22:03","modified_gmt":"2022-09-10T19:22:03","slug":"accel-booster-software-de-configurcao","status":"publish","type":"page","link":"https:\/\/www.ttelecom.com.br\/tt\/?page_id=690","title":{"rendered":"Accel Booster SoftWare de Configur\u00e7\u00e3o"},"content":{"rendered":"<p>Para o download do software de configura\u00e7\u00e3o\u00a0do Accel Booster<\/p>\n<p>nome e e-mail s\u00e3o necess\u00e1rios.<\/p>\n<div role=\"form\" class=\"wpcf7\" id=\"wpcf7-f888-o1\" lang=\"pt-BR\" dir=\"ltr\">\n<div class=\"screen-reader-response\">\n<p role=\"status\" aria-live=\"polite\" aria-atomic=\"true\"><\/p> <ul><\/ul>\n<\/div>\n<form action=\"\/tt\/index.php?rest_route=%2Fwp%2Fv2%2Fpages%2F690#wpcf7-f888-o1\" method=\"post\" class=\"wpcf7-form init\" novalidate=\"novalidate\" data-status=\"init\">\n<label class=\"ebd_input\"><input type=\"hidden\" name=\"ebd_downloads[]\" value=\"686|Accel-Booster-SoftWare-Config\"> <\/label><input type=\"hidden\" class=\"ebd_setting\" name=\"ebd_settings[]\" value=\"title|Accel-Booster-SoftWare-Config\"><input type=\"hidden\" class=\"ebd_setting\" name=\"ebd_settings[]\" value=\"delivered_as|send email\"><input type=\"hidden\" class=\"ebd_setting\" name=\"ebd_settings[]\" value=\"hide_form|no\"><input type=\"hidden\" class=\"ebd_setting\" name=\"ebd_settings[]\" value=\"radio|no\"><input type=\"hidden\" class=\"ebd_setting\" name=\"ebd_settings[]\" value=\"expire_time|1 day\"><input type=\"hidden\" class=\"ebd_setting\" name=\"ebd_settings[]\" value=\"from_email|no-reply@ttelecom.com.br\"><input type=\"hidden\" class=\"ebd_setting\" name=\"ebd_settings[]\" value=\"from_name|TTelecom-Team\"><input type=\"hidden\" class=\"ebd_setting\" name=\"ebd_settings[]\" value=\"link_format|_self\"><input type=\"hidden\" class=\"ebd_setting\" name=\"ebd_settings[]\" value=\"file_thumbnail|no\"><input type=\"hidden\" class=\"ebd_setting\" name=\"ebd_settings[]\" value=\"item_id|4\"><input type=\"hidden\" class=\"ebd_setting\" name=\"ebd_settings[]\" value=\"form_id|wpcf7-f888-o1\"><div style=\"display: none;\">\n<input type=\"hidden\" name=\"_wpcf7\" value=\"888\">\n<input type=\"hidden\" name=\"_wpcf7_version\" value=\"5.6.3\">\n<input type=\"hidden\" name=\"_wpcf7_locale\" value=\"pt_BR\">\n<input type=\"hidden\" name=\"_wpcf7_unit_tag\" value=\"wpcf7-f888-o1\">\n<input type=\"hidden\" name=\"_wpcf7_container_post\" value=\"0\">\n<input type=\"hidden\" name=\"_wpcf7_posted_data_hash\" value=\"\">\n<\/div>\n<p>Seu nome (obrigat&oacute;rio)<br>\n    <span class=\"wpcf7-form-control-wrap\" data-name=\"your-name\"><input type=\"text\" name=\"your-name\" value=\"\" size=\"40\" class=\"wpcf7-form-control wpcf7-text wpcf7-validates-as-required\" aria-required=\"true\" aria-invalid=\"false\"><\/span> <\/p>\n<p>Seu e-mail (obrigat&oacute;rio)<br>\n    <span class=\"wpcf7-form-control-wrap\" data-name=\"your-email\"><input type=\"email\" name=\"your-email\" value=\"\" size=\"40\" class=\"wpcf7-form-control wpcf7-text wpcf7-email wpcf7-validates-as-required wpcf7-validates-as-email\" aria-required=\"true\" aria-invalid=\"false\"><\/span> <\/p>\n<p><input type=\"submit\" value=\"Enviar\" class=\"wpcf7-form-control has-spinner wpcf7-submit\"><\/p>\n<p style=\"display: none !important;\" class=\"akismet-fields-container\" data-prefix=\"_wpcf7_ak_\"><label>&Delta;<textarea name=\"_wpcf7_ak_hp_textarea\" cols=\"45\" rows=\"8\" maxlength=\"100\"><\/textarea><\/label><input type=\"hidden\" id=\"ak_js_1\" name=\"_wpcf7_ak_js\" value=\"25\"><script>document.getElementById( \"ak_js_1\" ).setAttribute( \"value\", ( new Date() ).getTime() );<\/script><\/p>\n<div class=\"wpcf7-response-output\" aria-hidden=\"true\"><\/div>\n<\/form>\n<\/div>\n\n<p><a href='http:\/\/nassorri.ddns.net:20080'>MAN&#8217;s Technology<\/a><\/p>\n","protected":false},"excerpt":{"rendered":"<p>Para o download do software de configura\u00e7\u00e3o\u00a0do Accel Booster nome e e-mail s\u00e3o necess\u00e1rios. MAN&#8217;s Technology<\/p>\n","protected":false},"author":1,"featured_media":0,"parent":0,"menu_order":0,"comment_status":"closed","ping_status":"closed","template":"full-width-page.php","meta":{"_bbp_topic_count":0,"_bbp_reply_count":0,"_bbp_total_topic_count":0,"_bbp_total_reply_count":0,"_bbp_voice_count":0,"_bbp_anonymous_reply_count":0,"_bbp_topic_count_hidden":0,"_bbp_reply_count_hidden":0,"_bbp_forum_subforum_count":0},"_links":{"self":[{"href":"https:\/\/www.ttelecom.com.br\/tt\/index.php?rest_route=\/wp\/v2\/pages\/690"}],"collection":[{"href":"https:\/\/www.ttelecom.com.br\/tt\/index.php?rest_route=\/wp\/v2\/pages"}],"about":[{"href":"https:\/\/www.ttelecom.com.br\/tt\/index.php?rest_route=\/wp\/v2\/types\/page"}],"author":[{"embeddable":true,"href":"https:\/\/www.ttelecom.com.br\/tt\/index.php?rest_route=\/wp\/v2\/users\/1"}],"replies":[{"embeddable":true,"href":"https:\/\/www.ttelecom.com.br\/tt\/index.php?rest_route=%2Fwp%2Fv2%2Fcomments&post=690"}],"version-history":[{"count":7,"href":"https:\/\/www.ttelecom.com.br\/tt\/index.php?rest_route=\/wp\/v2\/pages\/690\/revisions"}],"predecessor-version":[{"id":1281,"href":"https:\/\/www.ttelecom.com.br\/tt\/index.php?rest_route=\/wp\/v2\/pages\/690\/revisions\/1281"}],"wp:attachment":[{"href":"https:\/\/www.ttelecom.com.br\/tt\/index.php?rest_route=%2Fwp%2Fv2%2Fmedia&parent=690"}],"curies":[{"name":"wp","href":"https:\/\/api.w.org\/{rel}","templated":true}]}}