{"id":167,"date":"2016-04-26T15:31:07","date_gmt":"2016-04-26T15:31:07","guid":{"rendered":"http:\/\/www.ttelecom.com.br\/wordpress\/?page_id=167"},"modified":"2022-09-10T13:28:07","modified_gmt":"2022-09-10T16:28:07","slug":"accelbooster","status":"publish","type":"page","link":"https:\/\/www.ttelecom.com.br\/tt\/?page_id=167","title":{"rendered":"AccelBooster"},"content":{"rendered":"<h4><em><strong>Refor\u00e7ador de Arrancada para veiculos drive by wire.<\/strong><\/em><\/h4>\n<figure id=\"attachment_442\" aria-describedby=\"caption-attachment-442\" style=\"width: 300px\" class=\"wp-caption alignleft\"><img loading=\"lazy\" class=\"wp-image-442 size-medium\" src=\"http:\/\/www.ttelecom.com.br\/wordpress\/wp-content\/uploads\/2016\/05\/SAM_3838-300x225.jpg\" alt=\"Accel Booster\" width=\"300\" height=\"225\" srcset=\"https:\/\/www.ttelecom.com.br\/tt\/wp-content\/uploads\/2016\/05\/SAM_3838-300x225.jpg 300w, https:\/\/www.ttelecom.com.br\/tt\/wp-content\/uploads\/2016\/05\/SAM_3838-768x576.jpg 768w, https:\/\/www.ttelecom.com.br\/tt\/wp-content\/uploads\/2016\/05\/SAM_3838-1024x768.jpg 1024w, https:\/\/www.ttelecom.com.br\/tt\/wp-content\/uploads\/2016\/05\/SAM_3838-32x24.jpg 32w, https:\/\/www.ttelecom.com.br\/tt\/wp-content\/uploads\/2016\/05\/SAM_3838-31x23.jpg 31w, https:\/\/www.ttelecom.com.br\/tt\/wp-content\/uploads\/2016\/05\/SAM_3838-38x29.jpg 38w, https:\/\/www.ttelecom.com.br\/tt\/wp-content\/uploads\/2016\/05\/SAM_3838-287x215.jpg 287w, https:\/\/www.ttelecom.com.br\/tt\/wp-content\/uploads\/2016\/05\/SAM_3838-148x111.jpg 148w, https:\/\/www.ttelecom.com.br\/tt\/wp-content\/uploads\/2016\/05\/SAM_3838-100x75.jpg 100w, https:\/\/www.ttelecom.com.br\/tt\/wp-content\/uploads\/2016\/05\/SAM_3838-150x113.jpg 150w, https:\/\/www.ttelecom.com.br\/tt\/wp-content\/uploads\/2016\/05\/SAM_3838-200x150.jpg 200w, https:\/\/www.ttelecom.com.br\/tt\/wp-content\/uploads\/2016\/05\/SAM_3838-450x338.jpg 450w, https:\/\/www.ttelecom.com.br\/tt\/wp-content\/uploads\/2016\/05\/SAM_3838-600x450.jpg 600w, https:\/\/www.ttelecom.com.br\/tt\/wp-content\/uploads\/2016\/05\/SAM_3838-900x675.jpg 900w, https:\/\/www.ttelecom.com.br\/tt\/wp-content\/uploads\/2016\/05\/SAM_3838.jpg 1984w\" sizes=\"(max-width: 300px) 100vw, 300px\" \/><figcaption id=\"caption-attachment-442\" class=\"wp-caption-text\">Refor\u00e7ador de Arrancada para carros drive by wire.<\/figcaption><\/figure>\n<p>Accel&nbsp;Booster \u00e9 um m\u00f3dulo eletr\u00f4nico que diminui o tempo de resposta da acelera\u00e7\u00e3o do seu veiculo, sem aumentar o consumo de combust\u00edvel. Sendo este muito f\u00e1cil de instalar.<\/p>\n<p><img loading=\"lazy\" class=\"alignnone wp-image-430\" src=\"http:\/\/www.ttelecom.com.br\/wordpress\/wp-content\/uploads\/2016\/05\/button.jpg\" alt=\"button\" width=\"126\" height=\"69\" srcset=\"https:\/\/www.ttelecom.com.br\/tt\/wp-content\/uploads\/2016\/05\/button.jpg 542w, https:\/\/www.ttelecom.com.br\/tt\/wp-content\/uploads\/2016\/05\/button-300x164.jpg 300w, https:\/\/www.ttelecom.com.br\/tt\/wp-content\/uploads\/2016\/05\/button-32x17.jpg 32w, https:\/\/www.ttelecom.com.br\/tt\/wp-content\/uploads\/2016\/05\/button-31x17.jpg 31w, https:\/\/www.ttelecom.com.br\/tt\/wp-content\/uploads\/2016\/05\/button-38x21.jpg 38w, https:\/\/www.ttelecom.com.br\/tt\/wp-content\/uploads\/2016\/05\/button-394x215.jpg 394w, https:\/\/www.ttelecom.com.br\/tt\/wp-content\/uploads\/2016\/05\/button-148x81.jpg 148w, https:\/\/www.ttelecom.com.br\/tt\/wp-content\/uploads\/2016\/05\/button-100x55.jpg 100w, https:\/\/www.ttelecom.com.br\/tt\/wp-content\/uploads\/2016\/05\/button-150x82.jpg 150w, https:\/\/www.ttelecom.com.br\/tt\/wp-content\/uploads\/2016\/05\/button-200x109.jpg 200w, https:\/\/www.ttelecom.com.br\/tt\/wp-content\/uploads\/2016\/05\/button-450x246.jpg 450w\" sizes=\"(max-width: 126px) 100vw, 126px\" \/><\/p>\n<p><a href=\"http:\/\/www.ttelecom.com.br\/wordpress\/wp-content\/uploads\/2016\/04\/montadoras.png\"><img loading=\"lazy\" class=\"alignnone wp-image-473 \" src=\"http:\/\/www.ttelecom.com.br\/wordpress\/wp-content\/uploads\/2016\/04\/montadoras-252x300.png\" alt=\"montadoras\" width=\"385\" height=\"458\" srcset=\"https:\/\/www.ttelecom.com.br\/tt\/wp-content\/uploads\/2016\/04\/montadoras-252x300.png 252w, https:\/\/www.ttelecom.com.br\/tt\/wp-content\/uploads\/2016\/04\/montadoras-27x32.png 27w, https:\/\/www.ttelecom.com.br\/tt\/wp-content\/uploads\/2016\/04\/montadoras-26x31.png 26w, https:\/\/www.ttelecom.com.br\/tt\/wp-content\/uploads\/2016\/04\/montadoras-32x38.png 32w, https:\/\/www.ttelecom.com.br\/tt\/wp-content\/uploads\/2016\/04\/montadoras-181x215.png 181w, https:\/\/www.ttelecom.com.br\/tt\/wp-content\/uploads\/2016\/04\/montadoras-124x148.png 124w, https:\/\/www.ttelecom.com.br\/tt\/wp-content\/uploads\/2016\/04\/montadoras-100x119.png 100w, https:\/\/www.ttelecom.com.br\/tt\/wp-content\/uploads\/2016\/04\/montadoras-150x178.png 150w, https:\/\/www.ttelecom.com.br\/tt\/wp-content\/uploads\/2016\/04\/montadoras-200x238.png 200w, https:\/\/www.ttelecom.com.br\/tt\/wp-content\/uploads\/2016\/04\/montadoras-300x357.png 300w, https:\/\/www.ttelecom.com.br\/tt\/wp-content\/uploads\/2016\/04\/montadoras.png 360w\" sizes=\"(max-width: 385px) 100vw, 385px\" \/><\/a><\/p>\n<p style=\"text-align: left;\">O&nbsp;Accel Booster deixa a resposta do carro bem mais r\u00e1pida que o normal podendo chegar at\u00e9 0,4 a 1seg mais rapida do que o usual, proporcionando acelera\u00e7\u00e3o instant\u00e2nea. Como isso \u00e9 feito? A maioria dos carros modernos s\u00e3o equipados com um m\u00f3dulo de acelera\u00e7\u00e3o eletr\u00f4nico que ao inv\u00e9s de ter cabo que proporciona a abertura da borboleta do carburador transforma um n\u00edvel el\u00e9trico em sinais de controle para um servo eletr\u00f4nico que controla o fluxo do carburador, por\u00e9m este sistema tem uma resposta lenta causando acelera\u00e7\u00e3o tamb\u00e9m lenta. O Accel Booster resolve este problema e fornece acelera\u00e7\u00e3o imediata permitindo que se obtenha o melhor do carro. Dependendo do veiculo os n\u00edveis podem ser reajustados para que tenha uma melhor performance. S\u00e3o tr\u00eas est\u00e1gios para utiliza\u00e7\u00e3o sendo que um podera ser totalmente customizado pelo usu\u00e1rio inclusive proporcionando down power dependendo da necessidade e o estagio neutro desligado acelera\u00e7\u00e3o original do veiculo.<\/p>\n<hr>\n<h6>&nbsp;<a href=\"http:\/\/www.ttelecom.com.br\/wordpress\/wp-content\/uploads\/2016\/05\/accelbooster5.jpg\"><img loading=\"lazy\" class=\"alignnone wp-image-429 size-medium\" src=\"http:\/\/www.ttelecom.com.br\/wordpress\/wp-content\/uploads\/2016\/05\/accelbooster5-300x266.jpg\" alt=\"accelbooster5\" width=\"300\" height=\"266\" srcset=\"https:\/\/www.ttelecom.com.br\/tt\/wp-content\/uploads\/2016\/05\/accelbooster5-300x266.jpg 300w, https:\/\/www.ttelecom.com.br\/tt\/wp-content\/uploads\/2016\/05\/accelbooster5-768x681.jpg 768w, https:\/\/www.ttelecom.com.br\/tt\/wp-content\/uploads\/2016\/05\/accelbooster5-1024x907.jpg 1024w, https:\/\/www.ttelecom.com.br\/tt\/wp-content\/uploads\/2016\/05\/accelbooster5-32x28.jpg 32w, https:\/\/www.ttelecom.com.br\/tt\/wp-content\/uploads\/2016\/05\/accelbooster5-31x27.jpg 31w, https:\/\/www.ttelecom.com.br\/tt\/wp-content\/uploads\/2016\/05\/accelbooster5-38x34.jpg 38w, https:\/\/www.ttelecom.com.br\/tt\/wp-content\/uploads\/2016\/05\/accelbooster5-243x215.jpg 243w, https:\/\/www.ttelecom.com.br\/tt\/wp-content\/uploads\/2016\/05\/accelbooster5-148x131.jpg 148w, https:\/\/www.ttelecom.com.br\/tt\/wp-content\/uploads\/2016\/05\/accelbooster5-100x89.jpg 100w, https:\/\/www.ttelecom.com.br\/tt\/wp-content\/uploads\/2016\/05\/accelbooster5-150x133.jpg 150w, https:\/\/www.ttelecom.com.br\/tt\/wp-content\/uploads\/2016\/05\/accelbooster5-200x177.jpg 200w, https:\/\/www.ttelecom.com.br\/tt\/wp-content\/uploads\/2016\/05\/accelbooster5-450x399.jpg 450w, https:\/\/www.ttelecom.com.br\/tt\/wp-content\/uploads\/2016\/05\/accelbooster5-600x532.jpg 600w, https:\/\/www.ttelecom.com.br\/tt\/wp-content\/uploads\/2016\/05\/accelbooster5-900x798.jpg 900w, https:\/\/www.ttelecom.com.br\/tt\/wp-content\/uploads\/2016\/05\/accelbooster5.jpg 1256w\" sizes=\"(max-width: 300px) 100vw, 300px\" \/><\/a>Como Funciona?<\/h6>\n<p>Simples, atrav\u00e9s de sucessivas leituras dos n\u00edveis el\u00e9tricos dos potenci\u00f4metros do acelerador o Accel Booster ent\u00e3o retrabalha esses n\u00edveis e os entrega ao ECU em uma condi\u00e7\u00e3o melhorada fazendo com que desta forma o sistema de acelera\u00e7\u00e3o fique mais rapido em sua resposta.&nbsp;Os estagios ativos s\u00e3o tr\u00eas(3) e um quarto(4) &nbsp;sera o original do veiculo. A indica\u00e7\u00e3o dos est\u00e1gios s\u00e3o feitas atrav\u00e9s do LED indicador no bot\u00e3o de comando. Para cada est\u00e1gio ativo o LED piscar\u00e1 na mesma propor\u00e7\u00e3o, ou seja, uma(1) piscada por segundo primeiro est\u00e1gio, duas(2) piscadas por segundo segundo est\u00e1gio e assim sucessivamente. Se o LED n\u00e3o piscar em um intervalo de 1 seg. ent\u00e3o o sistema esta em modo passivo(desligado\/original do veiculo).<\/p>\n<h4 class=\"importante text-center\">IMPORTANTE<\/h4>\n<ul>\n<li>Depois da instala\u00e7\u00e3o do&nbsp;Accel&nbsp;Booster, com o dispositivo ligado, a resposta e o comportamento de seu carro ficar\u00e3o significativamente mais r\u00e1pido. Tenha cuidado at\u00e9 que voc\u00ea se acostume com o resultado que o Accel Booster ter\u00e1 no controle de potencia do seu ve\u00edculo.<\/li>\n<li>Apesar da instala\u00e7\u00e3o do Accel Booster n\u00e3o necessitar de conhecimentos especiais, \u00e9 recomendado &nbsp;consultar o suporte t\u00e9cnico ou seu instalador de confian\u00e7a para instala\u00e7\u00e3o correta e segura do produto. Veja <a href=\"http:\/\/www.ttelecom.com.br\/tt\/wordpress\/?page_id=675\" target=\"_blank\" rel=\"noopener\">Manual de Instala\u00e7\u00e3<\/a>o&nbsp;antes de iniciar qualquer&nbsp;procedimento.<\/li>\n<\/ul>\n","protected":false},"excerpt":{"rendered":"<p>Refor\u00e7ador de Arrancada para veiculos drive by wire. Accel&nbsp;Booster \u00e9 um m\u00f3dulo eletr\u00f4nico que diminui o tempo de resposta da acelera\u00e7\u00e3o do seu veiculo, sem aumentar o consumo de combust\u00edvel. Sendo este muito f\u00e1cil de instalar. O&nbsp;Accel Booster deixa a &hellip;<\/p>\n<p class=\"read-more\"> <a class=\"more-link\" href=\"https:\/\/www.ttelecom.com.br\/tt\/?page_id=167\"> <span class=\"screen-reader-text\">AccelBooster<\/span> Read More &raquo;<\/a><\/p>\n","protected":false},"author":1,"featured_media":0,"parent":0,"menu_order":0,"comment_status":"closed","ping_status":"closed","template":"","meta":{"_bbp_topic_count":0,"_bbp_reply_count":0,"_bbp_total_topic_count":0,"_bbp_total_reply_count":0,"_bbp_voice_count":0,"_bbp_anonymous_reply_count":0,"_bbp_topic_count_hidden":0,"_bbp_reply_count_hidden":0,"_bbp_forum_subforum_count":0},"_links":{"self":[{"href":"https:\/\/www.ttelecom.com.br\/tt\/index.php?rest_route=\/wp\/v2\/pages\/167"}],"collection":[{"href":"https:\/\/www.ttelecom.com.br\/tt\/index.php?rest_route=\/wp\/v2\/pages"}],"about":[{"href":"https:\/\/www.ttelecom.com.br\/tt\/index.php?rest_route=\/wp\/v2\/types\/page"}],"author":[{"embeddable":true,"href":"https:\/\/www.ttelecom.com.br\/tt\/index.php?rest_route=\/wp\/v2\/users\/1"}],"replies":[{"embeddable":true,"href":"https:\/\/www.ttelecom.com.br\/tt\/index.php?rest_route=%2Fwp%2Fv2%2Fcomments&post=167"}],"version-history":[{"count":39,"href":"https:\/\/www.ttelecom.com.br\/tt\/index.php?rest_route=\/wp\/v2\/pages\/167\/revisions"}],"predecessor-version":[{"id":1265,"href":"https:\/\/www.ttelecom.com.br\/tt\/index.php?rest_route=\/wp\/v2\/pages\/167\/revisions\/1265"}],"wp:attachment":[{"href":"https:\/\/www.ttelecom.com.br\/tt\/index.php?rest_route=%2Fwp%2Fv2%2Fmedia&parent=167"}],"curies":[{"name":"wp","href":"https:\/\/api.w.org\/{rel}","templated":true}]}}